{"id":180064,"date":"2020-03-09T15:34:58","date_gmt":"2020-03-09T14:34:58","guid":{"rendered":"https:\/\/academy.inlingua.com\/?page_id=180064"},"modified":"2021-02-24T15:55:24","modified_gmt":"2021-02-24T14:55:24","slug":"willkommen","status":"publish","type":"page","link":"https:\/\/academy.inlingua.com\/de\/","title":{"rendered":"Willkommen!"},"content":{"rendered":"\n<h2 class=\"wp-block-heading\">Willkommen!<\/h2>\n\n\n\n<p>Die inlingua Academy vermittelt Ihnen das R\u00fcstzeug, um die inlingua Methode erfolgreich anwenden zu k\u00f6nnen.<\/p>\n\n\n\n<p>Sie sehen hier einen \u00dcberblick \u00fcber die auf deutsch verf\u00fcgbaren Kurse. Klicken Sie auf den Link zu dem Kurs, den Sie besuchen m\u00f6chten. Sobald Sie registriert sind, k\u00f6nnen Sie mit dem Kurs beginnen. Bitte beachten Sie, dass einige Kurse von einem Instruktor geleitet werden und die Antworten nicht automatisch korrigiert werden. Sie sollen zeigen, dass Sie die zur Diskussion stehenden Themen verstanden haben, wenn Sie dazu aufgefordert werden, und alle gestellten Aufgaben bearbeiten.<\/p>\n\n\n\n<p>Die Kurse sollten von den Trainern der Reihenfolge nach, beginnend mit dem Kurs&nbsp;<em>Das originale Methodentraining<\/em>&nbsp;durchgearbeitet werden. Bei allen Kursen ist es wichtig, dass Sie auf das Feld \u201eMark Complete\u201c klicken, wenn es am Ende der Seite erscheint. Auf diese Weise k\u00f6nnen Sie Abzeichen sammeln.<\/p>\n\n\n\n<p>Zur Zeit auf deutsch verf\u00fcgbar (f\u00fcr andere Kurse bitte auf englisch wechseln):<\/p>\n\n\n<div id=\"ld-course-list-content-bc5f1411d8a0d4d13c3f29be62c58a66\" class=\"ld-course-list-content\" data-shortcode-atts=\"{&quot;show_thumbnail&quot;:&quot;false&quot;,&quot;progress_bar&quot;:&quot;false&quot;}\">\n\t\t\t<div class=\"ld-course-list-items row\">\n\t<!-- LearnDash Course Grid v1 --><div class=\"ld_course_grid col-sm-8 col-md-4 \">\n\t<article id=\"post-8536\" class=\" thumbnail course post-8536 sfwd-courses type-sfwd-courses status-publish has-post-thumbnail hentry ld_course_category-deutsch\">\n\t\t\n\t\t\t\t\t<div class=\"caption\">\n\t\t\t\t<h3 class=\"entry-title\">Das originale Methodentraining<\/h3>\n\t\t\t\t\t\t\t\t<div class=\"ld_course_grid_button\">\n\t\t\t\t\t<a\n\t\t\t\t\t\taria-label=\"Enroll Now: Das originale Methodentraining\"\n\t\t\t\t\t\tclass=\"btn btn-primary\"\n\t\t\t\t\t\thref=\"https:\/\/academy.inlingua.com\/de\/courses\/01-das-originale-methodentraining\/\"\n\t\t\t\t\t>\n\t\t\t\t\t\tEnroll Now\t\t\t\t\t<\/a>\n\t\t\t\t<\/div>\n\t\t\t\t\t\t\t<\/div><!-- .entry-header -->\n\t\t\t<\/article><!-- #post-## -->\n<\/div><!-- .ld_course_grid -->\n\t<\/div>\n\t\t\t<\/div>\n\t\t\n\n\n<div class=\"learndash-wrap\"><div id=\"ld-course-list-content-d2c26d8250d29cb69ce87fb8678954b8\" class=\"ld-course-list-content\" data-shortcode-atts=\"{&quot;orderby&quot;:&quot;menu_order&quot;,&quot;order&quot;:&quot;ASC&quot;,&quot;show_thumbnail&quot;:&quot;false&quot;,&quot;course_category_name&quot;:&quot;english&quot;,&quot;course_grid&quot;:&quot;true&quot;,&quot;progress_bar&quot;:&quot;true&quot;}\">\n\t\t\t<div class=\"ld-course-list-items row\">\n\t\t<\/div>\n\t\t\t<\/div>\n\t\t<\/div>\n\n\n<p><\/p>\n","protected":false},"excerpt":{"rendered":"<p>Willkommen! Die inlingua Academy vermittelt Ihnen das R\u00fcstzeug, um die inlingua Methode erfolgreich anwenden zu k\u00f6nnen. Sie sehen hier einen \u00dcberblick \u00fcber die auf deutsch verf\u00fcgbaren Kurse. Klicken Sie auf den Link zu dem Kurs, den Sie besuchen m\u00f6chten. Sobald Sie registriert sind, k\u00f6nnen Sie mit dem Kurs beginnen. Bitte beachten Sie, dass einige Kurse [&hellip;]<\/p>\n","protected":false},"author":1,"featured_media":185931,"parent":0,"menu_order":0,"comment_status":"closed","ping_status":"closed","template":"","meta":{"_bbp_topic_count":0,"_bbp_reply_count":0,"_bbp_total_topic_count":0,"_bbp_total_reply_count":0,"_bbp_voice_count":0,"_bbp_anonymous_reply_count":0,"_bbp_topic_count_hidden":0,"_bbp_reply_count_hidden":0,"_bbp_forum_subforum_count":0,"_uag_custom_page_level_css":"","site-sidebar-layout":"default","site-content-layout":"default","ast-site-content-layout":"default","site-content-style":"default","site-sidebar-style":"default","ast-global-header-display":"","ast-banner-title-visibility":"","ast-main-header-display":"","ast-hfb-above-header-display":"","ast-hfb-below-header-display":"","ast-hfb-mobile-header-display":"","site-post-title":"disabled","ast-breadcrumbs-content":"","ast-featured-img":"","footer-sml-layout":"","ast-disable-related-posts":"","theme-transparent-header-meta":"default","adv-header-id-meta":"","stick-header-meta":"","header-above-stick-meta":"","header-main-stick-meta":"","header-below-stick-meta":"","astra-migrate-meta-layouts":"default","ast-page-background-enabled":"default","ast-page-background-meta":{"desktop":{"background-color":"","background-image":"","background-repeat":"repeat","background-position":"center center","background-size":"auto","background-attachment":"scroll","background-type":"","background-media":"","overlay-type":"","overlay-color":"","overlay-opacity":"","overlay-gradient":""},"tablet":{"background-color":"","background-image":"","background-repeat":"repeat","background-position":"center center","background-size":"auto","background-attachment":"scroll","background-type":"","background-media":"","overlay-type":"","overlay-color":"","overlay-opacity":"","overlay-gradient":""},"mobile":{"background-color":"","background-image":"","background-repeat":"repeat","background-position":"center center","background-size":"auto","background-attachment":"scroll","background-type":"","background-media":"","overlay-type":"","overlay-color":"","overlay-opacity":"","overlay-gradient":""}},"ast-content-background-meta":{"desktop":{"background-color":"var(--ast-global-color-5)","background-image":"","background-repeat":"repeat","background-position":"center center","background-size":"auto","background-attachment":"scroll","background-type":"","background-media":"","overlay-type":"","overlay-color":"","overlay-opacity":"","overlay-gradient":""},"tablet":{"background-color":"var(--ast-global-color-5)","background-image":"","background-repeat":"repeat","background-position":"center center","background-size":"auto","background-attachment":"scroll","background-type":"","background-media":"","overlay-type":"","overlay-color":"","overlay-opacity":"","overlay-gradient":""},"mobile":{"background-color":"var(--ast-global-color-5)","background-image":"","background-repeat":"repeat","background-position":"center center","background-size":"auto","background-attachment":"scroll","background-type":"","background-media":"","overlay-type":"","overlay-color":"","overlay-opacity":"","overlay-gradient":""}},"footnotes":""},"class_list":["post-180064","page","type-page","status-publish","has-post-thumbnail","hentry"],"uagb_featured_image_src":{"full":["https:\/\/academy.inlingua.com\/wp-content\/uploads\/traininghub.jpg",2048,1024,false],"thumbnail":["https:\/\/academy.inlingua.com\/wp-content\/uploads\/traininghub-150x150.jpg",150,150,true],"medium":["https:\/\/academy.inlingua.com\/wp-content\/uploads\/traininghub-300x150.jpg",300,150,true],"medium_large":["https:\/\/academy.inlingua.com\/wp-content\/uploads\/traininghub-768x384.jpg",768,384,true],"large":["https:\/\/academy.inlingua.com\/wp-content\/uploads\/traininghub-1024x512.jpg",1024,512,true],"1536x1536":["https:\/\/academy.inlingua.com\/wp-content\/uploads\/traininghub-1536x768.jpg",1536,768,true],"2048x2048":["https:\/\/academy.inlingua.com\/wp-content\/uploads\/traininghub.jpg",2048,1024,false],"gamipress-points":["https:\/\/academy.inlingua.com\/wp-content\/uploads\/traininghub-50x25.jpg",50,25,true],"gamipress-achievement":["https:\/\/academy.inlingua.com\/wp-content\/uploads\/traininghub-100x50.jpg",100,50,true],"gamipress-rank":["https:\/\/academy.inlingua.com\/wp-content\/uploads\/traininghub-100x50.jpg",100,50,true]},"uagb_author_info":{"display_name":"admin","author_link":"https:\/\/academy.inlingua.com\/de\/author\/boesiger\/"},"uagb_comment_info":0,"uagb_excerpt":"Willkommen! Die inlingua Academy vermittelt Ihnen das R\u00fcstzeug, um die inlingua Methode erfolgreich anwenden zu k\u00f6nnen. Sie sehen hier einen \u00dcberblick \u00fcber die auf deutsch verf\u00fcgbaren Kurse. Klicken Sie auf den Link zu dem Kurs, den Sie besuchen m\u00f6chten. Sobald Sie registriert sind, k\u00f6nnen Sie mit dem Kurs beginnen. Bitte beachten Sie, dass einige Kurse&hellip;","_links":{"self":[{"href":"https:\/\/academy.inlingua.com\/de\/wp-json\/wp\/v2\/pages\/180064","targetHints":{"allow":["GET"]}}],"collection":[{"href":"https:\/\/academy.inlingua.com\/de\/wp-json\/wp\/v2\/pages"}],"about":[{"href":"https:\/\/academy.inlingua.com\/de\/wp-json\/wp\/v2\/types\/page"}],"author":[{"embeddable":true,"href":"https:\/\/academy.inlingua.com\/de\/wp-json\/wp\/v2\/users\/1"}],"replies":[{"embeddable":true,"href":"https:\/\/academy.inlingua.com\/de\/wp-json\/wp\/v2\/comments?post=180064"}],"version-history":[{"count":1,"href":"https:\/\/academy.inlingua.com\/de\/wp-json\/wp\/v2\/pages\/180064\/revisions"}],"predecessor-version":[{"id":181512,"href":"https:\/\/academy.inlingua.com\/de\/wp-json\/wp\/v2\/pages\/180064\/revisions\/181512"}],"wp:featuredmedia":[{"embeddable":true,"href":"https:\/\/academy.inlingua.com\/de\/wp-json\/wp\/v2\/media\/185931"}],"wp:attachment":[{"href":"https:\/\/academy.inlingua.com\/de\/wp-json\/wp\/v2\/media?parent=180064"}],"curies":[{"name":"wp","href":"https:\/\/api.w.org\/{rel}","templated":true}]}}